{"id":9433,"date":"2021-01-06T15:35:10","date_gmt":"2021-01-06T15:35:10","guid":{"rendered":"https:\/\/mythslegendes.com\/?page_id=9433"},"modified":"2022-12-27T22:12:55","modified_gmt":"2022-12-27T22:12:55","slug":"mythologie-hesiodique-et-cosmogonie-grecque","status":"publish","type":"page","link":"https:\/\/mythslegendes.com\/es\/mitologia-griega-hesiodica-y-cosmogonia\/","title":{"rendered":"Mitolog\u00eda hesi\u00f3dica y cosmogon\u00eda griega"},"content":{"rendered":"<div data-elementor-type=\"wp-page\" data-elementor-id=\"9433\" class=\"elementor elementor-9433\">\n\t\t\t\t\t\t<section class=\"elementor-section elementor-top-section elementor-element elementor-element-6ef0ce1 elementor-section-boxed elementor-section-height-default elementor-section-height-default\" data-id=\"6ef0ce1\" data-element_type=\"section\" data-e-type=\"section\">\n\t\t\t\t\t\t<div class=\"elementor-container elementor-column-gap-default\">\n\t\t\t\t\t<div class=\"elementor-column elementor-col-33 elementor-top-column elementor-element elementor-element-9bf72ac\" data-id=\"9bf72ac\" data-element_type=\"column\" data-e-type=\"column\">\n\t\t\t<div class=\"elementor-widget-wrap elementor-element-populated\">\n\t\t\t\t\t\t<div class=\"elementor-element elementor-element-035b6fb elementor-align-justify elementor-widget elementor-widget-button\" data-id=\"035b6fb\" data-element_type=\"widget\" data-e-type=\"widget\" data-widget_type=\"button.default\">\n\t\t\t\t<div class=\"elementor-widget-container\">\n\t\t\t\t\t\t\t\t\t<div class=\"elementor-button-wrapper\">\n\t\t\t\t\t<a class=\"elementor-button elementor-button-link elementor-size-sm\" href=\"https:\/\/mythslegendes.com\/es\/mythes-et-legendes-grecques-1664\/\">\n\t\t\t\t\t\t<span class=\"elementor-button-content-wrapper\">\n\t\t\t\t\t\t\t\t\t<span class=\"elementor-button-text\">Volver al Grupo Cultural<\/span>\n\t\t\t\t\t<\/span>\n\t\t\t\t\t<\/a>\n\t\t\t\t<\/div>\n\t\t\t\t\t\t\t\t<\/div>\n\t\t\t\t<\/div>\n\t\t\t\t\t<\/div>\n\t\t<\/div>\n\t\t\t\t<div class=\"elementor-column elementor-col-33 elementor-top-column elementor-element elementor-element-5beb4cb\" data-id=\"5beb4cb\" data-element_type=\"column\" data-e-type=\"column\">\n\t\t\t<div class=\"elementor-widget-wrap elementor-element-populated\">\n\t\t\t\t\t\t<div class=\"elementor-element elementor-element-dc74355 elementor-align-justify elementor-widget elementor-widget-button\" data-id=\"dc74355\" data-element_type=\"widget\" data-e-type=\"widget\" data-widget_type=\"button.default\">\n\t\t\t\t<div class=\"elementor-widget-container\">\n\t\t\t\t\t\t\t\t\t<div class=\"elementor-button-wrapper\">\n\t\t\t\t\t<a class=\"elementor-button elementor-button-link elementor-size-sm\" href=\"https:\/\/mythslegendes.com\/es\/bibliotecas-de-libros\/\">\n\t\t\t\t\t\t<span class=\"elementor-button-content-wrapper\">\n\t\t\t\t\t\t\t\t\t<span class=\"elementor-button-text\">Tienda dedicada<\/span>\n\t\t\t\t\t<\/span>\n\t\t\t\t\t<\/a>\n\t\t\t\t<\/div>\n\t\t\t\t\t\t\t\t<\/div>\n\t\t\t\t<\/div>\n\t\t\t\t\t<\/div>\n\t\t<\/div>\n\t\t\t\t<div class=\"elementor-column elementor-col-33 elementor-top-column elementor-element elementor-element-2085b6e\" data-id=\"2085b6e\" data-element_type=\"column\" data-e-type=\"column\">\n\t\t\t<div class=\"elementor-widget-wrap elementor-element-populated\">\n\t\t\t\t\t\t<div class=\"elementor-element elementor-element-4f61270 elementor-align-justify elementor-widget elementor-widget-button\" data-id=\"4f61270\" data-element_type=\"widget\" data-e-type=\"widget\" data-widget_type=\"button.default\">\n\t\t\t\t<div class=\"elementor-widget-container\">\n\t\t\t\t\t\t\t\t\t<div class=\"elementor-button-wrapper\">\n\t\t\t\t\t<a class=\"elementor-button elementor-button-link elementor-size-sm\" href=\"https:\/\/fr.wikipedia.org\/wiki\/H%C3%A9siode\" target=\"_blank\" rel=\"noopener\">\n\t\t\t\t\t\t<span class=\"elementor-button-content-wrapper\">\n\t\t\t\t\t\t\t\t\t<span class=\"elementor-button-text\">Wiki<\/span>\n\t\t\t\t\t<\/span>\n\t\t\t\t\t<\/a>\n\t\t\t\t<\/div>\n\t\t\t\t\t\t\t\t<\/div>\n\t\t\t\t<\/div>\n\t\t\t\t\t<\/div>\n\t\t<\/div>\n\t\t\t\t\t<\/div>\n\t\t<\/section>\n\t\t\t\t<section class=\"elementor-section elementor-top-section elementor-element elementor-element-6647254 elementor-section-boxed elementor-section-height-default elementor-section-height-default\" data-id=\"6647254\" data-element_type=\"section\" data-e-type=\"section\">\n\t\t\t\t\t\t<div class=\"elementor-container elementor-column-gap-default\">\n\t\t\t\t\t<div class=\"elementor-column elementor-col-100 elementor-top-column elementor-element elementor-element-e805224\" data-id=\"e805224\" data-element_type=\"column\" data-e-type=\"column\">\n\t\t\t<div class=\"elementor-widget-wrap elementor-element-populated\">\n\t\t\t\t\t\t<div class=\"elementor-element elementor-element-a4d9942 elementor-widget elementor-widget-heading\" data-id=\"a4d9942\" data-element_type=\"widget\" data-e-type=\"widget\" data-widget_type=\"heading.default\">\n\t\t\t\t<div class=\"elementor-widget-container\">\n\t\t\t\t\t<div id=\"ez-toc-container\" class=\"ez-toc-v2_0_82_2 counter-hierarchy ez-toc-counter ez-toc-grey ez-toc-container-direction\">\n<div class=\"ez-toc-title-container\">\n<p class=\"ez-toc-title\" style=\"cursor:inherit\">Contenido<\/p>\n<span class=\"ez-toc-title-toggle\"><a href=\"#\" class=\"ez-toc-pull-right ez-toc-btn ez-toc-btn-xs ez-toc-btn-default ez-toc-toggle\" aria-label=\"Alternar tabla de contenidos\"><span class=\"ez-toc-js-icon-con\"><span class=\"\"><span class=\"eztoc-hide\" style=\"display:none;\">Palanca<\/span><span class=\"ez-toc-icon-toggle-span\"><svg style=\"fill: #999;color:#999\" xmlns=\"http:\/\/www.w3.org\/2000\/svg\" class=\"list-377408\" width=\"20px\" height=\"20px\" viewbox=\"0 0 24 24\" fill=\"none\"><path d=\"M6 6H4v2h2V6zm14 0H8v2h12V6zM4 11h2v2H4v-2zm16 0H8v2h12v-2zM4 16h2v2H4v-2zm16 0H8v2h12v-2z\" fill=\"currentColor\"><\/path><\/svg><svg style=\"fill: #999;color:#999\" class=\"arrow-unsorted-368013\" xmlns=\"http:\/\/www.w3.org\/2000\/svg\" width=\"10px\" height=\"10px\" viewbox=\"0 0 24 24\" version=\"1.2\" baseprofile=\"tiny\"><path d=\"M18.2 9.3l-6.2-6.3-6.2 6.3c-.2.2-.3.4-.3.7s.1.5.3.7c.2.2.4.3.7.3h11c.3 0 .5-.1.7-.3.2-.2.3-.5.3-.7s-.1-.5-.3-.7zM5.8 14.7l6.2 6.3 6.2-6.3c.2-.2.3-.5.3-.7s-.1-.5-.3-.7c-.2-.2-.4-.3-.7-.3h-11c-.3 0-.5.1-.7.3-.2.2-.3.5-.3.7s.1.5.3.7z\"\/><\/svg><\/span><\/span><\/span><\/a><\/span><\/div>\n<nav><ul class='ez-toc-list ez-toc-list-level-1' ><li class='ez-toc-page-1 ez-toc-heading-level-2'><a class=\"ez-toc-link ez-toc-heading-1\" href=\"https:\/\/mythslegendes.com\/es\/mitologia-griega-hesiodica-y-cosmogonia\/#Cosmogonie-Grecque-selon-Hesiode\" >Cosmogon\u00eda griega seg\u00fan Hes\u00edodo<\/a><\/li><li class='ez-toc-page-1 ez-toc-heading-level-2'><a class=\"ez-toc-link ez-toc-heading-2\" href=\"https:\/\/mythslegendes.com\/es\/mitologia-griega-hesiodica-y-cosmogonia\/#Cosmogonie-Grecque-selon-Hesiode-textes\" >Cosmogon\u00eda griega seg\u00fan Hes\u00edodo (textos)<\/a><\/li><\/ul><\/nav><\/div>\n<h2 class=\"elementor-heading-title elementor-size-default\"><span class=\"ez-toc-section\" id=\"Cosmogonie-Grecque-selon-Hesiode\"><\/span>Cosmogon\u00eda griega seg\u00fan Hes\u00edodo<span class=\"ez-toc-section-end\"><\/span><\/h2>\t\t\t\t<\/div>\n\t\t\t\t<\/div>\n\t\t\t\t\t<\/div>\n\t\t<\/div>\n\t\t\t\t\t<\/div>\n\t\t<\/section>\n\t\t\t\t<section class=\"elementor-section elementor-top-section elementor-element elementor-element-e30ca8d elementor-section-boxed elementor-section-height-default elementor-section-height-default\" data-id=\"e30ca8d\" data-element_type=\"section\" data-e-type=\"section\">\n\t\t\t\t\t\t<div class=\"elementor-container elementor-column-gap-default\">\n\t\t\t\t\t<div class=\"elementor-column elementor-col-100 elementor-top-column elementor-element elementor-element-b13d778\" data-id=\"b13d778\" data-element_type=\"column\" data-e-type=\"column\">\n\t\t\t<div class=\"elementor-widget-wrap elementor-element-populated\">\n\t\t\t\t\t\t<div class=\"elementor-element elementor-element-02d25ea elementor-widget elementor-widget-text-editor\" data-id=\"02d25ea\" data-element_type=\"widget\" data-e-type=\"widget\" data-widget_type=\"text-editor.default\">\n\t\t\t\t<div class=\"elementor-widget-container\">\n\t\t\t\t\t\t\t\t\t<p>la cosmogon\u00eda <a href=\"https:\/\/mythslegendes.com\/es\/mythes-et-legendes-grecques-1664\/\">Griego<\/a>, rama de la <a href=\"https:\/\/mythslegendes.com\/es\/\">mitolog\u00eda<\/a> La explicaci\u00f3n griega de la creaci\u00f3n del universo, fue ampliamente descrita por Hes\u00edodo. Campesino <a href=\"https:\/\/mythslegendes.com\/es\/viento-pelasges-mitologia\/\">Beocia<\/a> desde el final de <span class=\"pc\">viii<\/span><sup class=\"sup\">mi<\/sup> siglo a. C., contempor\u00e1neo de la primera ola de colonizaci\u00f3n que empuj\u00f3 al <a href=\"https:\/\/mythslegendes.com\/es\/mythes-et-legendes-grecques-1664\/\">griegos<\/a> Para buscar nuevas tierras, Hes\u00edodo de Ascra, poeta, te\u00f3logo, profeta, se sit\u00faa en la confluencia de dos mundos y dos sistemas de pensamiento.<\/p><p>Por alli <em>Teogonia<\/em> que prolonga una condici\u00f3n po\u00e9tica y religiosa m\u00e1s arcaica que la \u00e9pica de Homero, Hes\u00edodo es el testigo privilegiado de una forma de pensamiento m\u00edtico que obedece a un tipo de l\u00f3gica diferente a la nuestra. Mediante <em>Las obras y los d\u00edas<\/em>, por el contrario, parece ser el precursor de Sol\u00f3n: el te\u00f3logo que relata el advenimiento de la soberan\u00eda de Zeus y desarrolla la <a href=\"https:\/\/mythslegendes.com\/es\/\">mito<\/a> Razas.<\/p><p><img decoding=\"async\" class=\"alignnone wp-image-5284 size-full\" src=\"https:\/\/mythslegendes.com\/wp-content\/uploads\/2020\/09\/AlphaOmega-e1602613368367.png\" alt=\"cosmogon\u00eda griega\" width=\"25\" height=\"26\" title=\"\"><\/p>\t\t\t\t\t\t\t\t<\/div>\n\t\t\t\t<\/div>\n\t\t\t\t\t<\/div>\n\t\t<\/div>\n\t\t\t\t\t<\/div>\n\t\t<\/section>\n\t\t\t\t<section class=\"elementor-section elementor-top-section elementor-element elementor-element-8cfacd6 elementor-section-boxed elementor-section-height-default elementor-section-height-default\" data-id=\"8cfacd6\" data-element_type=\"section\" data-e-type=\"section\">\n\t\t\t\t\t\t<div class=\"elementor-container elementor-column-gap-default\">\n\t\t\t\t\t<div class=\"elementor-column elementor-col-100 elementor-top-column elementor-element elementor-element-3a50196\" data-id=\"3a50196\" data-element_type=\"column\" data-e-type=\"column\">\n\t\t\t<div class=\"elementor-widget-wrap elementor-element-populated\">\n\t\t\t\t\t\t<div class=\"elementor-element elementor-element-1dae3c3 elementor-widget elementor-widget-heading\" data-id=\"1dae3c3\" data-element_type=\"widget\" data-e-type=\"widget\" data-widget_type=\"heading.default\">\n\t\t\t\t<div class=\"elementor-widget-container\">\n\t\t\t\t\t<h2 class=\"elementor-heading-title elementor-size-default\"><span class=\"ez-toc-section\" id=\"Cosmogonie-Grecque-selon-Hesiode-textes\"><\/span>Cosmogon\u00eda griega seg\u00fan Hes\u00edodo (textos)<span class=\"ez-toc-section-end\"><\/span><\/h2>\t\t\t\t<\/div>\n\t\t\t\t<\/div>\n\t\t\t\t\t<\/div>\n\t\t<\/div>\n\t\t\t\t\t<\/div>\n\t\t<\/section>\n\t\t\t\t<section class=\"elementor-section elementor-top-section elementor-element elementor-element-715ec92 elementor-section-boxed elementor-section-height-default elementor-section-height-default\" data-id=\"715ec92\" data-element_type=\"section\" data-e-type=\"section\">\n\t\t\t\t\t\t<div class=\"elementor-container elementor-column-gap-default\">\n\t\t\t\t\t<div class=\"elementor-column elementor-col-100 elementor-top-column elementor-element elementor-element-5062648\" data-id=\"5062648\" data-element_type=\"column\" data-e-type=\"column\">\n\t\t\t<div class=\"elementor-widget-wrap elementor-element-populated\">\n\t\t\t\t\t\t<div class=\"elementor-element elementor-element-6819d14 elementor-widget elementor-widget-toggle\" data-id=\"6819d14\" data-element_type=\"widget\" data-e-type=\"widget\" data-widget_type=\"toggle.default\">\n\t\t\t\t<div class=\"elementor-widget-container\">\n\t\t\t\t\t\t\t<div class=\"elementor-toggle\">\n\t\t\t\t\t\t\t<div class=\"elementor-toggle-item\">\n\t\t\t\t\t<div id=\"elementor-tab-title-1091\" class=\"elementor-tab-title\" data-tab=\"1\" role=\"button\" aria-controls=\"elementor-tab-content-1091\" aria-expanded=\"false\">\n\t\t\t\t\t\t\t\t\t\t\t\t<span class=\"elementor-toggle-icon elementor-toggle-icon-left\" aria-hidden=\"true\">\n\t\t\t\t\t\t\t\t\t\t\t\t\t\t\t<span class=\"elementor-toggle-icon-closed\"><i class=\"fas fa-caret-right\"><\/i><\/span>\n\t\t\t\t\t\t\t\t<span class=\"elementor-toggle-icon-opened\"><i class=\"elementor-toggle-icon-opened fas fa-caret-up\"><\/i><\/span>\n\t\t\t\t\t\t\t\t\t\t\t\t\t<\/span>\n\t\t\t\t\t\t\t\t\t\t\t\t<a class=\"elementor-toggle-title\" tabindex=\"0\">Bestiarios, pueblos y dioses de la cosmogon\u00eda<\/a>\n\t\t\t\t\t<\/div>\n\n\t\t\t\t\t<div id=\"elementor-tab-content-1091\" class=\"elementor-tab-content elementor-clearfix\" data-tab=\"1\" role=\"region\" aria-labelledby=\"elementor-tab-title-1091\"><ul><li><strong><a href=\"https:\/\/www.cosmovisions.com\/$Titans.htm\" target=\"_blank\" rel=\"noopener\">Los Titanes<\/a><\/strong><\/li><li><strong><a href=\"https:\/\/www.cosmovisions.com\/$Erinyes.htm\" target=\"_blank\" rel=\"noopener\">Los Eninyes<\/a><\/strong><\/li><li><strong><a href=\"https:\/\/www.cosmovisions.com\/$Cyclopes.htm\" target=\"_blank\" rel=\"noopener\">El c\u00edclope<\/a><\/strong><\/li><li><strong><a href=\"https:\/\/www.cosmovisions.com\/$Hecatonchires.htm\" target=\"_blank\" rel=\"noopener\">Los Hecatonchires<\/a><\/strong><\/li><li><strong><a href=\"https:\/\/www.cosmovisions.com\/$Gorgones.htm\" target=\"_blank\" rel=\"noopener\">Las gorgonas<\/a><\/strong><ul><li><strong><a href=\"https:\/\/www.cosmovisions.com\/$Meduse.htm\" target=\"_blank\" rel=\"noopener\">Asombrado<\/a><\/strong><ul><li><strong><a href=\"https:\/\/www.cosmovisions.com\/$Echidna.htm\" target=\"_blank\" rel=\"noopener\">Equidna<\/a><\/strong><\/li><\/ul><\/li><\/ul><\/li><li><strong><a href=\"https:\/\/www.cosmovisions.com\/$Typhee.htm\" target=\"_blank\" rel=\"noopener\">Typheus<\/a><\/strong><\/li><li><strong><a href=\"https:\/\/www.cosmovisions.com\/$Cronos.htm\" target=\"_blank\" rel=\"noopener\">Kronos<\/a><\/strong><\/li><li><strong><a href=\"https:\/\/www.cosmovisions.com\/$Muses.htm\" target=\"_blank\" rel=\"noopener\">Las musas<\/a><\/strong><\/li><li><a href=\"http:\/\/artehistoire.over-blog.com\/2013\/11\/le-mythe-de-prom%C3%A9th%C3%A9e-et-pandore.html\" target=\"_blank\" rel=\"noopener\"><strong>Prometeo y Pandora<\/strong><\/a><\/li><li><a href=\"http:\/\/omphalos-metanoia.blogspot.com\/2006\/10\/hsiode-le-mythe-des-races.html\" target=\"_blank\" rel=\"noopener\"><strong>El mito de las razas<\/strong><\/a><\/li><\/ul><\/div>\n\t\t\t\t<\/div>\n\t\t\t\t\t\t\t<div class=\"elementor-toggle-item\">\n\t\t\t\t\t<div id=\"elementor-tab-title-1092\" class=\"elementor-tab-title\" data-tab=\"2\" role=\"button\" aria-controls=\"elementor-tab-content-1092\" aria-expanded=\"false\">\n\t\t\t\t\t\t\t\t\t\t\t\t<span class=\"elementor-toggle-icon elementor-toggle-icon-left\" aria-hidden=\"true\">\n\t\t\t\t\t\t\t\t\t\t\t\t\t\t\t<span class=\"elementor-toggle-icon-closed\"><i class=\"fas fa-caret-right\"><\/i><\/span>\n\t\t\t\t\t\t\t\t<span class=\"elementor-toggle-icon-opened\"><i class=\"elementor-toggle-icon-opened fas fa-caret-up\"><\/i><\/span>\n\t\t\t\t\t\t\t\t\t\t\t\t\t<\/span>\n\t\t\t\t\t\t\t\t\t\t\t\t<a class=\"elementor-toggle-title\" tabindex=\"0\">Libro gratuito: La Teogon\u00eda de Hes\u00edodo<\/a>\n\t\t\t\t\t<\/div>\n\n\t\t\t\t\t<div id=\"elementor-tab-content-1092\" class=\"elementor-tab-content elementor-clearfix\" data-tab=\"2\" role=\"region\" aria-labelledby=\"elementor-tab-title-1092\"><p><strong><a href=\"https:\/\/fr.wikisource.org\/wiki\/Po%C3%A8tes_Moralistes_de_la_Gr%C3%A8ce\/La_Th%C3%A9ogonie\" target=\"_blank\" rel=\"noopener\">Teogon\u00eda de Hes\u00edodo<\/a><\/strong><\/p><p><a href=\"https:\/\/www.cosmovisions.com\/textTheogonie.htm\" target=\"_blank\" rel=\"noopener\"><strong>Resumen de la teogon\u00eda y explicaciones<\/strong><\/a><\/p><\/div>\n\t\t\t\t<\/div>\n\t\t\t\t\t\t\t<div class=\"elementor-toggle-item\">\n\t\t\t\t\t<div id=\"elementor-tab-title-1093\" class=\"elementor-tab-title\" data-tab=\"3\" role=\"button\" aria-controls=\"elementor-tab-content-1093\" aria-expanded=\"false\">\n\t\t\t\t\t\t\t\t\t\t\t\t<span class=\"elementor-toggle-icon elementor-toggle-icon-left\" aria-hidden=\"true\">\n\t\t\t\t\t\t\t\t\t\t\t\t\t\t\t<span class=\"elementor-toggle-icon-closed\"><i class=\"fas fa-caret-right\"><\/i><\/span>\n\t\t\t\t\t\t\t\t<span class=\"elementor-toggle-icon-opened\"><i class=\"elementor-toggle-icon-opened fas fa-caret-up\"><\/i><\/span>\n\t\t\t\t\t\t\t\t\t\t\t\t\t<\/span>\n\t\t\t\t\t\t\t\t\t\t\t\t<a class=\"elementor-toggle-title\" tabindex=\"0\">Libro gratuito: Cat\u00e1logo de mujeres<\/a>\n\t\t\t\t\t<\/div>\n\n\t\t\t\t\t<div id=\"elementor-tab-content-1093\" class=\"elementor-tab-content elementor-clearfix\" data-tab=\"3\" role=\"region\" aria-labelledby=\"elementor-tab-title-1093\"><p><strong><a href=\"https:\/\/www.theoi.com\/Text\/HesiodCatalogues.html\" target=\"_blank\" rel=\"noopener\">Fragmentos del cat\u00e1logo de mujeres<\/a><\/strong><\/p><\/div>\n\t\t\t\t<\/div>\n\t\t\t\t\t\t\t<div class=\"elementor-toggle-item\">\n\t\t\t\t\t<div id=\"elementor-tab-title-1094\" class=\"elementor-tab-title\" data-tab=\"4\" role=\"button\" aria-controls=\"elementor-tab-content-1094\" aria-expanded=\"false\">\n\t\t\t\t\t\t\t\t\t\t\t\t<span class=\"elementor-toggle-icon elementor-toggle-icon-left\" aria-hidden=\"true\">\n\t\t\t\t\t\t\t\t\t\t\t\t\t\t\t<span class=\"elementor-toggle-icon-closed\"><i class=\"fas fa-caret-right\"><\/i><\/span>\n\t\t\t\t\t\t\t\t<span class=\"elementor-toggle-icon-opened\"><i class=\"elementor-toggle-icon-opened fas fa-caret-up\"><\/i><\/span>\n\t\t\t\t\t\t\t\t\t\t\t\t\t<\/span>\n\t\t\t\t\t\t\t\t\t\t\t\t<a class=\"elementor-toggle-title\" tabindex=\"0\">Libro gratuito: Los trabajos y los d\u00edas de Hes\u00edodo<\/a>\n\t\t\t\t\t<\/div>\n\n\t\t\t\t\t<div id=\"elementor-tab-content-1094\" class=\"elementor-tab-content elementor-clearfix\" data-tab=\"4\" role=\"region\" aria-labelledby=\"elementor-tab-title-1094\"><p><a href=\"https:\/\/fr.wikisource.org\/wiki\/Po%C3%A8tes_Moralistes_de_la_Gr%C3%A8ce\/Les_Travaux_et_les_Jours\" target=\"_blank\" rel=\"noopener\"><strong>Los trabajos y los d\u00edas de Hes\u00edodo<\/strong><\/a><\/p><p><a href=\"https:\/\/www.cosmovisions.com\/textTravaux.htm\" target=\"_blank\" rel=\"noopener\"><strong>Resumen de trabajo y jornadas y explicaciones<\/strong><\/a><\/p><\/div>\n\t\t\t\t<\/div>\n\t\t\t\t\t\t\t\t<\/div>\n\t\t\t\t\t\t<\/div>\n\t\t\t\t<\/div>\n\t\t\t\t\t<\/div>\n\t\t<\/div>\n\t\t\t\t\t<\/div>\n\t\t<\/section>\n\t\t\t\t<\/div>","protected":false},"excerpt":{"rendered":"<p>Regresar a la Biblioteca Wiki del Grupo Cultural Cosmogon\u00eda griega seg\u00fan Hes\u00edodo La cosmogon\u00eda griega, una rama de la mitolog\u00eda griega que explica\u2026 <\/p>","protected":false},"author":1,"featured_media":0,"parent":0,"menu_order":0,"comment_status":"closed","ping_status":"closed","template":"","meta":{"footnotes":""},"class_list":["post-9433","page","type-page","status-publish","hentry"],"amp_enabled":true,"_links":{"self":[{"href":"https:\/\/mythslegendes.com\/es\/wp-json\/wp\/v2\/pages\/9433","targetHints":{"allow":["GET"]}}],"collection":[{"href":"https:\/\/mythslegendes.com\/es\/wp-json\/wp\/v2\/pages"}],"about":[{"href":"https:\/\/mythslegendes.com\/es\/wp-json\/wp\/v2\/types\/page"}],"author":[{"embeddable":true,"href":"https:\/\/mythslegendes.com\/es\/wp-json\/wp\/v2\/users\/1"}],"replies":[{"embeddable":true,"href":"https:\/\/mythslegendes.com\/es\/wp-json\/wp\/v2\/comments?post=9433"}],"version-history":[{"count":16,"href":"https:\/\/mythslegendes.com\/es\/wp-json\/wp\/v2\/pages\/9433\/revisions"}],"predecessor-version":[{"id":26459,"href":"https:\/\/mythslegendes.com\/es\/wp-json\/wp\/v2\/pages\/9433\/revisions\/26459"}],"wp:attachment":[{"href":"https:\/\/mythslegendes.com\/es\/wp-json\/wp\/v2\/media?parent=9433"}],"curies":[{"name":"wp","href":"https:\/\/api.w.org\/{rel}","templated":true}]}}