{"id":950,"date":"2020-06-16T11:47:26","date_gmt":"2020-06-16T10:47:26","guid":{"rendered":"https:\/\/mythslegendes.com\/?page_id=950"},"modified":"2020-06-16T11:47:26","modified_gmt":"2020-06-16T10:47:26","slug":"le-dit-des-rois-decosse","status":"publish","type":"page","link":"https:\/\/mythslegendes.com\/es\/mitologia-bretona\/mitologia-bretona-miscelanea\/le-dit-des-rois-decosse\/","title":{"rendered":"El cuento de los reyes de Escocia"},"content":{"rendered":"<p>Oh todos los eruditos de Alba<br>Tu gente educada, con cabello rubio<br>\u00bfCu\u00e1l fue la primera invasi\u00f3n, sabes?<br>\u00bfQui\u00e9n conquist\u00f3 la tierra de Alba?<\/p>\n\n\n\n<p>Albain la conquist\u00f3, muchos de sus hombres,<br>Era el famoso hijo de Isacon,<br>El y Brutus eran hermanos sin mentira<br>De \u00e9l se nombra Alba de los barcos.<\/p>\n\n\n\n<p>Bruto destierra a su atrevido hermano<br>En el mar tempestuoso de Icht.<br>Bruto conquist\u00f3 a la noble Alba<br>Hasta el tumultuoso promontorio de Fotudan.<\/p>\n\n\n\n<p>Mucho despu\u00e9s de Bruto el pr\u00f3spero, el bueno,<br>La raza de Neimhidh la conquist\u00f3,<br>Erglan, despu\u00e9s de salir de su barco.<br>Despu\u00e9s de la destrucci\u00f3n de la Torre Conaing.<\/p>\n\n\n\n<p>El Cruithne lo conquist\u00f3 despu\u00e9s de eso.<br>Viniendo de las llanuras de Erin,<br>Setenta de sus nobles reyes<br>Tom\u00f3 la llanura de Cruithne.<\/p>\n\n\n\n<p>Cathluan fue el primer rey entre ellos,<br>Te lo digo brevemente,<br>El \u00faltimo rey entre ellos fue<br>El valiente h\u00e9roe Constantine.<\/p>\n\n\n\n<p>Los hijos de Eochadh despu\u00e9s de ellos<br>Se apoder\u00f3 de Alba despu\u00e9s de una gran pelea,<br>Los hijos de Conair, el hombre amable,<br>La elecci\u00f3n del poderoso Gael.<\/p>\n\n\n\n<p>Tres hijos de Erc, hijo de Eochadh el valiente,<br>Tres que hab\u00edan recibido la bendici\u00f3n de Patricio,<br>Alba incautada; grande fue su coraje,<br>Lorn, Fergus y Angus.<\/p>\n\n\n\n<p>Diez a\u00f1os para Lorn, para quien la fama era,<br>En la soberan\u00eda de Oirir Alba,<br>Despu\u00e9s de Lorn el generoso y valiente<br>Veinte a\u00f1os en Fergus.<\/p>\n\n\n\n<p>Domangart, hijo del noble Fergus,<br>Recibi\u00f3 el lote de cinco a\u00f1os terribles.<br>Veinticuatro a\u00f1os sin pelear<br>Para Comghall, hijo de Domangart.<\/p>\n\n\n\n<p>Dos a\u00f1os de \u00e9xitos sin desprecio<br>Despu\u00e9s de Comghall para Gobhran.<br>Tres a\u00f1os cinco veces, sin divisi\u00f3n<br>Era el rey Conall hijo de Comghall.<\/p>\n\n\n\n<p>Veinticuatro a\u00f1os de posesi\u00f3n<br>Para el rey Aodhan con muchos desacuerdos.<br>Diez a\u00f1os con siete, una carrera gloriosa,<br>Con toda soberan\u00eda Eochaidh Buidhe.<\/p>\n\n\n\n<p>El famoso mariscal de campo Connchadh Cearr,<br>Diecis\u00e9is a\u00f1os para su hijo Ferchar,<br>Despu\u00e9s de Ferchar, vea los poemas,<br>Trece a\u00f1os para Donald.<\/p>\n\n\n\n<p>Despu\u00e9s de Donald Breac de las ciudades,<br>Conall, Dungal, diez a\u00f1os,<br>Donald Donn de trece a\u00f1os<br>Despu\u00e9s de Dungal y Conall.<\/p>\n\n\n\n<p>Maolduin, hijo de Conall de los despojos,<br>Diecisiete a\u00f1os para \u00e9l, y con raz\u00f3n.<br>Ferchar fadd, lo ves<br>Pas\u00f3 un a\u00f1o despu\u00e9s de los veinte.<\/p>\n\n\n\n<p>Dos a\u00f1os para Eochaidh de los mensajeros,<br>Bold era el rey del palacio.<br>Un a\u00f1o fue rey despu\u00e9s de eso<br>Aincellach el bueno, hijo de Ferchar.<\/p>\n\n\n\n<p>Siete a\u00f1os fue el impetuoso Dungal,<br>Y cuatro para Alpin.<br>Murdoch el bueno de tres a\u00f1os,<br>Treinta para Aodh como gran jefe.<\/p>\n\n\n\n<p>Ochenta a\u00f1os, sin debilidad,<br>Donald rein\u00f3.<br>Dos a\u00f1os Conall, un noble viaje,<br>Y cuatro otros Conall.<\/p>\n\n\n\n<p>Nueve a\u00f1os, conteniendo lo dulce,<br>Y nueve, para Angus en Alba,<br>Cuatro a\u00f1os, Aodh el noble,<br>Y treinta, Eogan.<\/p>\n\n\n\n<p>Treinta a\u00f1os Kenneth el atrevido,<br>Donald cuatro de cara roja,<br>Treinta a\u00f1os, en su poder,<br>Para el h\u00e9roe, para Constantine.<\/p>\n\n\n\n<p>Dos a\u00f1os, triste como se desarrollaron<br>A su hermano Aodh, el justo en la juventud,<br>Donald, el hijo de Constantino el apacible,<br>Rein\u00f3 cuatro veces al a\u00f1o.<\/p>\n\n\n\n<p>Constantino, severa fue su lucha<br>Rein\u00f3 seis y dos veces veinte a\u00f1os.<br>Malcolm de cuatro a\u00f1os.<br>Indulce ocho en alta soberan\u00eda.<\/p>\n\n\n\n<p>Dubhoda el impetuoso, de siete a\u00f1os,<br>Y cuatro, Cuilen.<br>Y veintisiete de todos los clanes<br>Para Kenneth, hijo de Malcolm.<\/p>\n\n\n\n<p>Siete a\u00f1os Constantino, escucha<br>Y cuatro para Macduff,<br>Treinta a\u00f1os, los gusanos lo notan,<br>Malcolm era rey de Monaidh.<\/p>\n\n\n\n<p>Seis a\u00f1os para Duncan el sabio,<br>Diecisiete a\u00f1os, hijo de Finlay,<br>Despu\u00e9s de \u00e9l, el famoso Macbeth,<br>Siete meses de soberan\u00eda para Lulach.<\/p>\n\n\n\n<p>Malcolm es ahora rey<br>El hijo de Duncan con una alegre cara roja,<br>Es hora de que nadie sepa<br>Aparte de los eruditos, los muy eruditos,<br>\u00a0\u00a0\u00a0\u00a0\u00a1Oh, eruditos!<br><\/p>\n\n\n\n<p>Dos reyes mayores de cincuenta, escuchen,<br>Hasta que el hijo de Duncan con rostro real,<br>De los descendientes de Erc el noble, en Oriente,<br>Alba pose\u00edda, oh eruditos.<\/p>","protected":false},"excerpt":{"rendered":"<p>O\u00a0vous tous savants d&rsquo;AlbaVous peuple instruit, aux cheveux blondsQuelle a \u00e9t\u00e9 la premi\u00e8re invasion le savez-vous,Qui conquit la terre d&rsquo;Alba? &hellip; <\/p>","protected":false},"author":1,"featured_media":0,"parent":210,"menu_order":0,"comment_status":"closed","ping_status":"closed","template":"","meta":{"footnotes":""},"class_list":["post-950","page","type-page","status-publish","hentry"],"amp_enabled":true,"_links":{"self":[{"href":"https:\/\/mythslegendes.com\/es\/wp-json\/wp\/v2\/pages\/950","targetHints":{"allow":["GET"]}}],"collection":[{"href":"https:\/\/mythslegendes.com\/es\/wp-json\/wp\/v2\/pages"}],"about":[{"href":"https:\/\/mythslegendes.com\/es\/wp-json\/wp\/v2\/types\/page"}],"author":[{"embeddable":true,"href":"https:\/\/mythslegendes.com\/es\/wp-json\/wp\/v2\/users\/1"}],"replies":[{"embeddable":true,"href":"https:\/\/mythslegendes.com\/es\/wp-json\/wp\/v2\/comments?post=950"}],"version-history":[{"count":0,"href":"https:\/\/mythslegendes.com\/es\/wp-json\/wp\/v2\/pages\/950\/revisions"}],"up":[{"embeddable":true,"href":"https:\/\/mythslegendes.com\/es\/wp-json\/wp\/v2\/pages\/210"}],"wp:attachment":[{"href":"https:\/\/mythslegendes.com\/es\/wp-json\/wp\/v2\/media?parent=950"}],"curies":[{"name":"wp","href":"https:\/\/api.w.org\/{rel}","templated":true}]}}