{"id":970,"date":"2020-06-16T13:04:34","date_gmt":"2020-06-16T12:04:34","guid":{"rendered":"https:\/\/mythslegendes.com\/?page_id=970"},"modified":"2022-12-03T22:06:59","modified_gmt":"2022-12-03T22:06:59","slug":"saint-guenole","status":"publish","type":"page","link":"https:\/\/mythslegendes.com\/es\/mitologia-bretona\/san-guenole\/","title":{"rendered":"Saint-Gu\u00e9nol\u00e9"},"content":{"rendered":"<div data-elementor-type=\"wp-page\" data-elementor-id=\"970\" class=\"elementor elementor-970\">\n\t\t\t\t\t\t<section class=\"elementor-section elementor-top-section elementor-element elementor-element-39b33ae elementor-section-boxed elementor-section-height-default elementor-section-height-default\" data-id=\"39b33ae\" data-element_type=\"section\" data-e-type=\"section\">\n\t\t\t\t\t\t<div class=\"elementor-container elementor-column-gap-default\">\n\t\t\t\t\t<div class=\"elementor-column elementor-col-50 elementor-top-column elementor-element elementor-element-cb72610\" data-id=\"cb72610\" data-element_type=\"column\" data-e-type=\"column\">\n\t\t\t<div class=\"elementor-widget-wrap elementor-element-populated\">\n\t\t\t\t\t\t<div class=\"elementor-element elementor-element-e508a25 elementor-align-justify elementor-widget elementor-widget-button\" data-id=\"e508a25\" data-element_type=\"widget\" data-e-type=\"widget\" data-widget_type=\"button.default\">\n\t\t\t\t<div class=\"elementor-widget-container\">\n\t\t\t\t\t\t\t\t\t<div class=\"elementor-button-wrapper\">\n\t\t\t\t\t<a class=\"elementor-button elementor-button-link elementor-size-sm\" href=\"https:\/\/mythslegendes.com\/es\/mitologia-bretona\/\">\n\t\t\t\t\t\t<span class=\"elementor-button-content-wrapper\">\n\t\t\t\t\t\t\t\t\t<span class=\"elementor-button-text\">Mitolog\u00eda bretona<\/span>\n\t\t\t\t\t<\/span>\n\t\t\t\t\t<\/a>\n\t\t\t\t<\/div>\n\t\t\t\t\t\t\t\t<\/div>\n\t\t\t\t<\/div>\n\t\t\t\t\t<\/div>\n\t\t<\/div>\n\t\t\t\t<div class=\"elementor-column elementor-col-50 elementor-top-column elementor-element elementor-element-7d6cdfc\" data-id=\"7d6cdfc\" data-element_type=\"column\" data-e-type=\"column\">\n\t\t\t<div class=\"elementor-widget-wrap elementor-element-populated\">\n\t\t\t\t\t\t<div class=\"elementor-element elementor-element-9bddfe5 elementor-align-justify elementor-widget elementor-widget-button\" data-id=\"9bddfe5\" data-element_type=\"widget\" data-e-type=\"widget\" data-widget_type=\"button.default\">\n\t\t\t\t<div class=\"elementor-widget-container\">\n\t\t\t\t\t\t\t\t\t<div class=\"elementor-button-wrapper\">\n\t\t\t\t\t<a class=\"elementor-button elementor-button-link elementor-size-sm\" href=\"https:\/\/fr.wikipedia.org\/wiki\/Mythologie_bretonne\" target=\"_blank\" rel=\"noopener\">\n\t\t\t\t\t\t<span class=\"elementor-button-content-wrapper\">\n\t\t\t\t\t\t\t\t\t<span class=\"elementor-button-text\">Wiki<\/span>\n\t\t\t\t\t<\/span>\n\t\t\t\t\t<\/a>\n\t\t\t\t<\/div>\n\t\t\t\t\t\t\t\t<\/div>\n\t\t\t\t<\/div>\n\t\t\t\t\t<\/div>\n\t\t<\/div>\n\t\t\t\t\t<\/div>\n\t\t<\/section>\n\t\t\t\t<section class=\"elementor-section elementor-top-section elementor-element elementor-element-287abe1f elementor-section-boxed elementor-section-height-default elementor-section-height-default\" data-id=\"287abe1f\" data-element_type=\"section\" data-e-type=\"section\">\n\t\t\t\t\t\t<div class=\"elementor-container elementor-column-gap-default\">\n\t\t\t\t\t<div class=\"elementor-column elementor-col-100 elementor-top-column elementor-element elementor-element-3d376aa8\" data-id=\"3d376aa8\" data-element_type=\"column\" data-e-type=\"column\">\n\t\t\t<div class=\"elementor-widget-wrap elementor-element-populated\">\n\t\t\t\t\t\t<div class=\"elementor-element elementor-element-2f56dc1f elementor-widget elementor-widget-text-editor\" data-id=\"2f56dc1f\" data-element_type=\"widget\" data-e-type=\"widget\" data-widget_type=\"text-editor.default\">\n\t\t\t\t<div class=\"elementor-widget-container\">\n\t\t\t\t\t\t\t\t\t<p><\/p>\n<p>En ese momento, hab\u00eda <a href=\"https:\/\/mythslegendes.com\/es\/mitologia-bretona\/\">Breta\u00f1a<\/a>, dos santos ap\u00f3stoles, amigos de Dios... Kaourintin, primer obispo de Quimper (St-Corentin) y Saint-Gu\u00e9nol\u00e9, primer abad de Land\u00e9vennec... A menudo hab\u00edan predicado la fe en Is y amonestado al rey sobre actos criminales. , las injusticias, los cr\u00edmenes que se cometieron en el palacio de la joven.<\/p>\n<p><img decoding=\"async\" class=\"alignnone wp-image-5284 size-full\" src=\"https:\/\/mythslegendes.com\/wp-content\/uploads\/2020\/09\/AlphaOmega-e1602613368367.png\" alt=\"Saint-Gu\u00e9nol\u00e9\" width=\"25\" height=\"26\" title=\"\"><\/p>\n<div id=\"ez-toc-container\" class=\"ez-toc-v2_0_82_2 counter-hierarchy ez-toc-counter ez-toc-grey ez-toc-container-direction\">\n<div class=\"ez-toc-title-container\">\n<p class=\"ez-toc-title\" style=\"cursor:inherit\">Contenido<\/p>\n<span class=\"ez-toc-title-toggle\"><a href=\"#\" class=\"ez-toc-pull-right ez-toc-btn ez-toc-btn-xs ez-toc-btn-default ez-toc-toggle\" aria-label=\"Alternar tabla de contenidos\"><span class=\"ez-toc-js-icon-con\"><span class=\"\"><span class=\"eztoc-hide\" style=\"display:none;\">Palanca<\/span><span class=\"ez-toc-icon-toggle-span\"><svg style=\"fill: #999;color:#999\" xmlns=\"http:\/\/www.w3.org\/2000\/svg\" class=\"list-377408\" width=\"20px\" height=\"20px\" viewbox=\"0 0 24 24\" fill=\"none\"><path d=\"M6 6H4v2h2V6zm14 0H8v2h12V6zM4 11h2v2H4v-2zm16 0H8v2h12v-2zM4 16h2v2H4v-2zm16 0H8v2h12v-2z\" fill=\"currentColor\"><\/path><\/svg><svg style=\"fill: #999;color:#999\" class=\"arrow-unsorted-368013\" xmlns=\"http:\/\/www.w3.org\/2000\/svg\" width=\"10px\" height=\"10px\" viewbox=\"0 0 24 24\" version=\"1.2\" baseprofile=\"tiny\"><path d=\"M18.2 9.3l-6.2-6.3-6.2 6.3c-.2.2-.3.4-.3.7s.1.5.3.7c.2.2.4.3.7.3h11c.3 0 .5-.1.7-.3.2-.2.3-.5.3-.7s-.1-.5-.3-.7zM5.8 14.7l6.2 6.3 6.2-6.3c.2-.2.3-.5.3-.7s-.1-.5-.3-.7c-.2-.2-.4-.3-.7-.3h-11c-.3 0-.5.1-.7.3-.2.2-.3.5-.3.7s.1.5.3.7z\"\/><\/svg><\/span><\/span><\/span><\/a><\/span><\/div>\n<nav><ul class='ez-toc-list ez-toc-list-level-1' ><li class='ez-toc-page-1 ez-toc-heading-level-2'><a class=\"ez-toc-link ez-toc-heading-1\" href=\"https:\/\/mythslegendes.com\/es\/mitologia-bretona\/san-guenole\/#Saint-Guenole\" >Saint-Gu\u00e9nol\u00e9<\/a><\/li><\/ul><\/nav><\/div>\n<h2><span class=\"ez-toc-section\" id=\"Saint-Guenole\"><\/span>Saint-Gu\u00e9nol\u00e9<span class=\"ez-toc-section-end\"><\/span><\/h2>\n<p>Se burlaron de ellos y el rey, debilitado por la edad, ya no ten\u00eda autoridad suficiente para detener los des\u00f3rdenes en la gran ciudad. Dios se cans\u00f3 de ver esta dureza y le hizo saber al \u00e1ngel de Breta\u00f1a, su amigo Gu\u00e9nol\u00e9, que sin demora la ciudad ser\u00eda inundada por el agua. Inmediatamente Gu\u00e9nol\u00e9, montado en su caballo, corri\u00f3 hacia la ciudad de Is con el pensamiento de detener la ira de Dios... Pero el tiempo de la piedad hab\u00eda pasado, cuando el santo lleg\u00f3 alrededor de medianoche, las esclusas estaban abiertas y el mar era un terrible ruido rodando sobre los habitantes, casas y palacios.<\/p>\n<p><\/p>\n<p><\/p>\n<p>Gu\u00e9nol\u00e9 a caballo, seguido de Gralon. El anciano, siempre buen padre, a pesar de los des\u00f3rdenes de su hija, sin que el santo abad lo sepa, lleva al gran culpable en la espalda sobre su pecho de batalla. Las olas del mar ven\u00edan estremeci\u00e9ndose hacia ellos, estaban a punto de ser tragadas, cuando son\u00f3 una voz: Gralon, Gralon, si no quieres perecer, deshazte del demonio que llevas detr\u00e1s.<\/p>\n<p><\/p>\n<p><\/p>\n<p>La advertencia vino de Gu\u00e9nol\u00e9, el \u00e1ngel de Breta\u00f1a.<\/p>\n<p><\/p>\n<p><\/p>\n<p><em>Ha Guenol\u00e9 enn eur grena<br \/>Ha gri: peaje de Gralon y diaoul-ez<br \/>Divar daillard da hin kane:<\/em><\/p>\n<p><\/p>\n<p><\/p>\n<p>Inmediatamente las olas cesaron y vimos el castigo del cielo.<\/p>\n<p><\/p>\n<p><\/p>\n<p>Gu\u00e9nol\u00e9 s\u00f3lo pudo salvar a Gralon... Todav\u00eda podemos ver en el camino, la huella del casco del caballo en la roca, donde los abades de Land\u00e9vennec, antes de asumir sus funciones, vinieron a rezar y reconocer a Gralon como el fundador de el monasterio.<\/p>\n<p><\/p>\n<p><\/p>\n<p>Ah\u00e8s, la chica mala, se transform\u00f3 en Mari-Morgan (que canta sobre el mar, o la espuma del mar), mitad mujer y mitad pez, cuando hay luz de luna, todav\u00eda se la puede escuchar cantando sobre las ruinas de la ciudad hundida.<\/p>\n<p><\/p>\n<p><\/p>\n<p>Sus ojos parecen dos estrellas, su cabello es del color del oro, su cuello y sus suaves pechos son blancos como la nieve, su melodiosa voz encanta y adormece. Los marineros del pa\u00eds, cuando lo oyen, se dicen con miedo: v\u00e1monos, Ah\u00e8s ha abandonado su palacio, el mal tiempo est\u00e1 cerca, y si nos demoramos, seremos arrojados sobre las rocas, para dormir nuestros \u00faltimo sue\u00f1o.<\/p>\n<p><\/p>\n<p><\/p>\n<p>Como Sodoma, Gomorra, <a href=\"https:\/\/mythslegendes.com\/es\/mitologia-babilonica-acadia-asiria\/\">Babilonia<\/a>, Ya no existe, y las olas ruedan sobre sus ruinas. Al amanecer, Gralon y Gu\u00e9nol\u00e9 subieron a la monta\u00f1a Menez-Hom, Gralon lanz\u00f3 una mirada de l\u00e1stima detr\u00e1s de \u00e9l.<\/p>\n<p><\/p>\n<p><\/p>\n<p>Donde estaba Is, lo \u00fanico que pod\u00edamos ver era el mar; se arrodilla para dar gracias a Dios y a la Virgen: levant\u00e1ndose, ve hacia el oeste, R\u00fbmen-Goulou o Men-ru-ar-Goulou, sobre esta piedra se hac\u00edan sacrificios humanos: cada mes, un ni\u00f1o peque\u00f1o al que el la ubre fue arrancada.<\/p>\n<p><\/p>\n<p><\/p>\n<p>Con los ojos ba\u00f1ados en l\u00e1grimas, alzados al cielo, Gral\u00f3n dijo a su amigo: sobre esta piedra enrojecida dedicada a un dios b\u00e1rbaro, construir\u00eda una iglesia, en honor de la virgen, y all\u00ed, donde derramamos sangre en honor de los Teutates, la madre del Dios verdadero derramar\u00e1 sus gracias sobre el <a href=\"https:\/\/mythslegendes.com\/es\/mitologia-bretona\/\">Bretones<\/a>.<\/p>\n<p><\/p>\n<p><\/p>\n<p>Fue fiel a su palabra... Los sacerdotes paganos se rebelaron al ver el templo destruido. El rey los derrot\u00f3 cerca de Argol, a la cabeza de los bretones convertidos. Terminada su oraci\u00f3n, el rey sigui\u00f3 a Gu\u00e9nol\u00e9 hasta Land\u00e9vennec, la abad\u00eda que hab\u00eda construido. Ya hab\u00eda cedido su palacio de Quimper a San Corentin. En lugar de este palacio se encuentra la hermosa catedral. Gralon pas\u00f3 el resto de sus d\u00edas en Land\u00e9vennec, en la m\u00e1s austera penitencia... Iba a menudo con su amigo a Rumengol,\u00a0<em>itron-varia-romedd-ol\u2026<\/em>\u00a0Nuestra Se\u00f1ora de todos los remedios.<\/p>\n<p><\/p>\n<p><\/p>\n<p>Se le apareci\u00f3 la virgen y el rumor se extendi\u00f3 por toda Breta\u00f1a. Muri\u00f3 en brazos de Gu\u00e9nol\u00e9, en su abad\u00eda de Land\u00e9vennec, que \u00e9l mismo hab\u00eda fundado.<\/p>\n<p><\/p>\n<p><\/p>\n<p>Encomend\u00f3 su alma a Dios, diciendo con confianza:\u00a0<em>Itron Varia Rumengol, mirit ouzin na zin da Gall\u2026<\/em>\u00a0Se\u00f1ora Mar\u00eda de Rumengol, ponga sus ojos en m\u00ed para que no me desperdicie.<\/p>\n<p><\/p>\n<p><\/p>\n<p>Esta muerte ocurri\u00f3 hace mucho tiempo, y los bretones, que son gente de fe y de coraz\u00f3n, tienen el recuerdo de su viejo rey y de su amigo Gu\u00e9nol\u00e9.<\/p>\n<p><\/p>\n<p><\/p>\n<p>Si conocieran mejor la historia de su hermoso pa\u00eds, cuando vengan el Domingo de la Trinidad, en el perd\u00f3n de Rumengol, veamos la bah\u00eda de Douarnenez, Menez-Hom, Land\u00e9vennec, la capilla alta y milagrosa, dir\u00edan con l\u00e1grimas en los ojos:<\/p>\n<p><\/p>\n<p><\/p>\n<p><em>Arm ar burzudou una apuesta zo<br \/>Bares an amzer treinenet:<\/em><\/p>\n<p><\/p>\n<p><\/p>\n<p>Grandes fueron los milagros<br \/>en tiempos pasados.<\/p>\n<p><\/p>\n<p><\/p>\n<p>Muchos difieren de opini\u00f3n, no sobre la existencia de la ciudad de Is, sino sobre su ubicaci\u00f3n.<\/p>\n<p><\/p>\n<p><\/p>\n<p>Nadie puede sacudir estas convicciones del pueblo, y dejemos a muchos con la ilusi\u00f3n de que la etimolog\u00eda de la palabra Par\u00eds es par-et-is, es decir, igual a Is.<\/p>\n<p><\/p>\n<p><\/p>\n<p><em>Un baou\u00e9 e confusion es<br \/>Neus quet cavet par da Paris.<\/em><\/p>\n<p><\/p>\n<p><\/p>\n<p>El rey bret\u00f3n ten\u00eda su tumba en Land\u00e9vennec, en la propia abad\u00eda... su recuerdo perdur\u00f3 durante mucho tiempo. Durante mucho tiempo vimos a los dos amigos paseando de noche por los claustros y por las terrazas de la abad\u00eda, discutiendo las cosas de Dios... \u00bfno los vemos todav\u00eda?<\/p>\n<p><\/p>\n<p><\/p>\n<p>La poes\u00eda se hab\u00eda apoderado de la imagen de estas dos sombras que se ve\u00edan de lejos, caminando, charlando lentamente, en tiempos de grandes fiestas, esto anunciaba grandes acontecimientos.<\/p>\n<p><\/p>\n<p><\/p>\n<p><em>\u00bfLavar din ar Belek?<br \/>Parr\u00e8s Land\u00e9vennec<br \/>A lein\u00e8 di,<br \/>En vel roas e bal\u00e9<br \/>Gral\u00f3n en Gu\u00e9nol\u00e9<br \/>En abbati.<\/em><\/p>\n<p><\/p>\n<p><\/p>\n<p>Siempre eran los sacerdotes quienes los ve\u00edan, parece decir el poeta bret\u00f3n. La traducci\u00f3n francesa no lo dice.<\/p>\n<p><\/p>\n<p><\/p>\n<p>Dime si nos enteramos<br \/>Cuando abre Land\u00e9vennec<br \/>Su gran perd\u00f3n,<br \/>La sombra Auguste y cari\u00f1o.<br \/>De Gu\u00e9nol\u00e9 que reza<br \/>Con Gral\u00f3n.<\/p>\n<p><\/p>\n<p><\/p>\n<p>Por eso, siempre era en los d\u00edas de fiestas y solemnidades cuando los ve\u00edamos caminando y orando.<\/p>\n<p><\/p>\t\t\t\t\t\t\t\t<\/div>\n\t\t\t\t<\/div>\n\t\t\t\t\t<\/div>\n\t\t<\/div>\n\t\t\t\t\t<\/div>\n\t\t<\/section>\n\t\t\t\t<\/div>","protected":false},"excerpt":{"rendered":"<p>Wiki Mitolog\u00eda Bretona En aquella \u00e9poca, hab\u00eda en Breta\u00f1a, dos santos ap\u00f3stoles, amigos de Dios... Kaourintin, primero... <\/p>","protected":false},"author":1,"featured_media":0,"parent":96,"menu_order":0,"comment_status":"closed","ping_status":"closed","template":"","meta":{"footnotes":""},"class_list":["post-970","page","type-page","status-publish","hentry"],"amp_enabled":true,"_links":{"self":[{"href":"https:\/\/mythslegendes.com\/es\/wp-json\/wp\/v2\/pages\/970","targetHints":{"allow":["GET"]}}],"collection":[{"href":"https:\/\/mythslegendes.com\/es\/wp-json\/wp\/v2\/pages"}],"about":[{"href":"https:\/\/mythslegendes.com\/es\/wp-json\/wp\/v2\/types\/page"}],"author":[{"embeddable":true,"href":"https:\/\/mythslegendes.com\/es\/wp-json\/wp\/v2\/users\/1"}],"replies":[{"embeddable":true,"href":"https:\/\/mythslegendes.com\/es\/wp-json\/wp\/v2\/comments?post=970"}],"version-history":[{"count":1,"href":"https:\/\/mythslegendes.com\/es\/wp-json\/wp\/v2\/pages\/970\/revisions"}],"predecessor-version":[{"id":24631,"href":"https:\/\/mythslegendes.com\/es\/wp-json\/wp\/v2\/pages\/970\/revisions\/24631"}],"up":[{"embeddable":true,"href":"https:\/\/mythslegendes.com\/es\/wp-json\/wp\/v2\/pages\/96"}],"wp:attachment":[{"href":"https:\/\/mythslegendes.com\/es\/wp-json\/wp\/v2\/media?parent=970"}],"curies":[{"name":"wp","href":"https:\/\/api.w.org\/{rel}","templated":true}]}}